{"id":532,"date":"2026-03-04T10:57:31","date_gmt":"2026-03-04T09:57:31","guid":{"rendered":"https:\/\/elok.cz\/product\/rotating-beam-light-mav-1-1\/"},"modified":"2026-04-02T10:52:43","modified_gmt":"2026-04-02T08:52:43","slug":"vystrazny-majacek-mav-1-1","status":"publish","type":"product","link":"https:\/\/elok.cz\/cs\/product\/vystrazny-majacek-mav-1-1\/","title":{"rendered":"V\u00fdstra\u017en\u00fd maj\u00e1\u010dek &#8211; MAV 1.1"},"content":{"rendered":"","protected":false},"featured_media":569,"template":"","class_list":["post-532","product","type-product","status-publish","has-post-thumbnail","hentry"],"aioseo_notices":[],"_links":{"self":[{"href":"https:\/\/elok.cz\/cs\/wp-json\/wp\/v2\/product\/532","targetHints":{"allow":["GET"]}}],"collection":[{"href":"https:\/\/elok.cz\/cs\/wp-json\/wp\/v2\/product"}],"about":[{"href":"https:\/\/elok.cz\/cs\/wp-json\/wp\/v2\/types\/product"}],"wp:featuredmedia":[{"embeddable":true,"href":"https:\/\/elok.cz\/cs\/wp-json\/wp\/v2\/media\/569"}],"wp:attachment":[{"href":"https:\/\/elok.cz\/cs\/wp-json\/wp\/v2\/media?parent=532"}],"curies":[{"name":"wp","href":"https:\/\/api.w.org\/{rel}","templated":true}]}}