{"id":481,"date":"2026-02-27T13:30:44","date_gmt":"2026-02-27T12:30:44","guid":{"rendered":"https:\/\/elok.cz\/?page_id=481"},"modified":"2026-02-27T15:03:58","modified_gmt":"2026-02-27T14:03:58","slug":"vyvoj-atex-elektroniky","status":"publish","type":"page","link":"https:\/\/elok.cz\/cs\/vyvoj-atex-elektroniky\/","title":{"rendered":"ATEX Explosion Proof Equipment Manufacturer | Zone 0\u20132 | ELOK"},"content":{"rendered":"<h1>ATEX nev\u00fdbu\u0161n\u00e1 za\u0159\u00edzen\u00ed pro prost\u0159ed\u00ed s nebezpe\u010d\u00edm v\u00fdbuchu<\/h1>\n<p>ATEX nev\u00fdbu\u0161n\u00e1 za\u0159\u00edzen\u00ed jsou navr\u017eena pro bezpe\u010dn\u00fd provoz v prost\u0159ed\u00edch, kde se mohou vyskytovat ho\u0159lav\u00e9 plyny, p\u00e1ry nebo prach.<\/p>\n<div>\n<p><strong>ELOK je evropsk\u00fd v\u00fdrobce a R&amp;D partner<\/strong> poskytuj\u00edc\u00ed <strong>ATEX certifikovan\u00e1 elektrick\u00e1 a elektronick\u00e1 za\u0159\u00edzen\u00ed<\/strong> pro <strong>z\u00f3ny 0, z\u00f3ny 1 a z\u00f3ny 2<\/strong>, v\u010detn\u011b zak\u00e1zkov\u011b navr\u017een\u00fdch \u0159e\u0161en\u00ed pro n\u00e1ro\u010dn\u00e9 pr\u016fmyslov\u00e9 aplikace.<\/p>\n<\/div>\n<div><\/div>\n<h2>Co je ATEX nev\u00fdbu\u0161n\u00e9 za\u0159\u00edzen\u00ed?<\/h2>\n<div>ATEX nev\u00fdbu\u0161n\u00e1 za\u0159\u00edzen\u00ed jsou navr\u017eena a certifikov\u00e1na v souladu se<br \/>\n<a href=\"https:\/\/eur-lex.europa.eu\/eli\/dir\/2014\/34\/oj\/eng\">sm\u011brnic\u00ed 2014\/34\/EU<\/a><br \/>\npro pou\u017eit\u00ed v prost\u0159ed\u00edch s potenci\u00e1ln\u011b v\u00fdbu\u0161nou atmosf\u00e9rou. Tato za\u0159\u00edzen\u00ed zabra\u0148uj\u00ed vzniku zdroj\u016f iniciace, jako jsou elektrick\u00e9 jiskry, hork\u00e9 povrchy nebo elektrostatick\u00fd v\u00fdboj, a to za b\u011b\u017en\u00e9ho provozu i p\u0159i definovan\u00fdch poruchov\u00fdch stavech.<\/div>\n<div><\/div>\n<h2>ATEX za\u0159\u00edzen\u00ed pro z\u00f3nu 0, z\u00f3nu 1 a z\u00f3nu 2<\/h2>\n<p><img loading=\"lazy\" decoding=\"async\" class=\"wp-image-467\" src=\"https:\/\/elok.cz\/wp-content\/uploads\/2026\/02\/Snimek-obrazovky-2026-02-27-141912.png\" alt=\"Klasifikace Ex z\u00f3n\" width=\"981\" height=\"403\" srcset=\"https:\/\/elok.cz\/wp-content\/uploads\/2026\/02\/Snimek-obrazovky-2026-02-27-141912.png 1773w, https:\/\/elok.cz\/wp-content\/uploads\/2026\/02\/Snimek-obrazovky-2026-02-27-141912-300x123.png 300w, https:\/\/elok.cz\/wp-content\/uploads\/2026\/02\/Snimek-obrazovky-2026-02-27-141912-1024x421.png 1024w, https:\/\/elok.cz\/wp-content\/uploads\/2026\/02\/Snimek-obrazovky-2026-02-27-141912-768x316.png 768w, https:\/\/elok.cz\/wp-content\/uploads\/2026\/02\/Snimek-obrazovky-2026-02-27-141912-1536x632.png 1536w\" sizes=\"auto, (max-width: 981px) 100vw, 981px\" \/><\/p>\n<p>ATEX, Ex, z\u00f3na 1, z\u00f3na 2<\/p>\n<h3>Z\u00f3na 0 \u2013 Trvale p\u0159\u00edtomn\u00e1 v\u00fdbu\u0161n\u00e1 atmosf\u00e9ra<\/h3>\n<p>Z\u00f3na\u202f0 p\u0159edstavuje <strong>nejvy\u0161\u0161\u00ed \u00farove\u0148 rizika v\u00fdbuchu<\/strong>, kdy je v\u00fdbu\u0161n\u00e1 atmosf\u00e9ra p\u0159\u00edtomna trvale nebo po dlouhou dobu. Typick\u00fdmi p\u0159\u00edklady jsou <strong>vnit\u0159n\u00ed prostory n\u00e1dr\u017e\u00ed, tlakov\u00fdch n\u00e1dob a potrub\u00ed<\/strong> obsahuj\u00edc\u00edch ho\u0159lav\u00e9 l\u00e1tky. Za\u0159\u00edzen\u00ed pou\u017e\u00edvan\u00e1 v z\u00f3n\u011b\u202f0 mus\u00ed z\u016fstat bezpe\u010dn\u00e1 i p\u0159i poruchov\u00fdch stavech, proto je <strong>vnit\u0159n\u00ed bezpe\u010dnost (Ex\u202fia)<\/strong> nej\u010dast\u011bji pou\u017e\u00edvan\u00fdm typem ochrany pro tuto z\u00f3nu.<\/p>\n<h3>Z\u00f3na 1 \u2013 P\u0159\u00edle\u017eitostn\u011b se vyskytuj\u00edc\u00ed v\u00fdbu\u0161n\u00e1 atmosf\u00e9ra<\/h3>\n<div>Z\u00f3na\u202f1 zahrnuje prostory, kde se v\u00fdbu\u0161n\u00e1 atmosf\u00e9ra <strong>pravd\u011bpodobn\u011b vyskytuje p\u0159i b\u011b\u017en\u00e9m provozu<\/strong>, nap\u0159\u00edklad v okol\u00ed ventil\u016f, \u010derpadel nebo plnic\u00edch m\u00edst. Za\u0159\u00edzen\u00ed pro z\u00f3nu\u202f1 mus\u00ed b\u00fdt navr\u017eena tak, aby zabr\u00e1nila vzn\u00edcen\u00ed za o\u010dek\u00e1van\u00fdch provozn\u00edch podm\u00ednek i p\u0159edv\u00eddateln\u00fdch poruch. Mezi b\u011b\u017en\u00e9 typy ochrany pat\u0159\u00ed <strong>nev\u00fdbu\u0161n\u00e9 (tlakov\u011b odoln\u00e9) kryty (Ex\u202fd)<\/strong>, <strong>zv\u00fd\u0161en\u00e1 bezpe\u010dnost (Ex\u202fe)<\/strong> a <strong>vnit\u0159n\u00ed bezpe\u010dnost (Ex\u202fi)<\/strong>.<\/div>\n<div>\n<h3>Z\u00f3na 2 \u2013 Z\u0159\u00eddka se vyskytuj\u00edc\u00ed v\u00fdbu\u0161n\u00e1 atmosf\u00e9ra<\/h3>\n<\/div>\n<div>Z\u00f3na\u202f2 se vztahuje na prostory, kde se v\u00fdbu\u0161n\u00e1 atmosf\u00e9ra <strong>za b\u011b\u017en\u00e9ho provozu obvykle nevyskytuje<\/strong>, a pokud se objev\u00ed, trv\u00e1 pouze kr\u00e1tkou dobu. Tyto z\u00f3ny jsou zpravidla dob\u0159e v\u011btran\u00e9 prostory navazuj\u00edc\u00ed na z\u00f3ny\u202f1. Za\u0159\u00edzen\u00ed certifikovan\u00e1 pro z\u00f3nu\u202f2 vyu\u017e\u00edvaj\u00ed r\u016fzn\u00e9 typy ochrany, v\u010detn\u011b <strong>Ex\u202fe (zv\u00fd\u0161en\u00e1 bezpe\u010dnost)<\/strong>, a poskytuj\u00ed tak odpov\u00eddaj\u00edc\u00ed \u00farove\u0148 bezpe\u010dnosti p\u0159i zachov\u00e1n\u00ed flexibiln\u00edho a ekonomicky efektivn\u00edho n\u00e1vrhu.<\/div>\n<h2>ATEX nev\u00fdbu\u0161n\u00e1 za\u0159\u00edzen\u00ed od spole\u010dnosti ELOK<\/h2>\n<div>ELOK je evropsk\u00fd v\u00fdrobce <strong>ATEX a IECEx certifikovan\u00fdch nev\u00fdbu\u0161n\u00fdch za\u0159\u00edzen\u00ed<\/strong> pro prost\u0159ed\u00ed s nebezpe\u010d\u00edm v\u00fdbuchu. Navrhujeme a vyr\u00e1b\u00edme elektrick\u00e1 a elektronick\u00e1 za\u0159\u00edzen\u00ed pro <strong>z\u00f3ny\u202f0, z\u00f3ny\u202f1 a z\u00f3ny\u202f2<\/strong>, v\u010detn\u011b: <strong>kamerov\u00fdch syst\u00e9m\u016f pro z\u00f3nu\u202f0<\/strong>, <strong>uzem\u0148ovac\u00edch a monitorovac\u00edch jednotek<\/strong> a <strong>zak\u00e1zkov\u00e9 elektroniky a \u0159\u00eddic\u00edch syst\u00e9m\u016f<\/strong> p\u0159izp\u016fsoben\u00fdch konkr\u00e9tn\u00edm projektov\u00fdm po\u017eadavk\u016fm.<\/div>\n<div>\n<div id=\"attachment_471\" style=\"width: 744px\" class=\"wp-caption alignnone\"><img loading=\"lazy\" decoding=\"async\" aria-describedby=\"caption-attachment-471\" class=\"wp-image-471\" src=\"https:\/\/elok.cz\/wp-content\/uploads\/2026\/02\/20250901-5Z9A2981.jpg\" alt=\"ExSight 6, inspekce dieselov\u00e9 n\u00e1dr\u017ee\" width=\"734\" height=\"489\" srcset=\"https:\/\/elok.cz\/wp-content\/uploads\/2026\/02\/20250901-5Z9A2981.jpg 1920w, https:\/\/elok.cz\/wp-content\/uploads\/2026\/02\/20250901-5Z9A2981-300x200.jpg 300w, https:\/\/elok.cz\/wp-content\/uploads\/2026\/02\/20250901-5Z9A2981-1024x683.jpg 1024w, https:\/\/elok.cz\/wp-content\/uploads\/2026\/02\/20250901-5Z9A2981-768x512.jpg 768w, https:\/\/elok.cz\/wp-content\/uploads\/2026\/02\/20250901-5Z9A2981-1536x1024.jpg 1536w\" sizes=\"auto, (max-width: 734px) 100vw, 734px\" \/><\/p>\n<p id=\"caption-attachment-471\" class=\"wp-caption-text\">Inspekce dieselov\u00e9 n\u00e1dr\u017ee, kamera pro z\u00f3nu 0<\/p>\n<\/div>\n<\/div>\n<h2>Zak\u00e1zkov\u00fd v\u00fdvoj ATEX nev\u00fdbu\u0161n\u00fdch za\u0159\u00edzen\u00ed<\/h2>\n<div>ELOK poskytuje <strong><a href=\"https:\/\/elok.cz\/oem-and-rd-solutions\/\">zak\u00e1zkov\u00fd v\u00fdvoj ATEX nev\u00fdbu\u0161n\u00fdch za\u0159\u00edzen\u00ed<\/a><\/strong>, kter\u00fd pokr\u00fdv\u00e1 cel\u00fd proces od n\u00e1vrhu a\u017e po s\u00e9riovou v\u00fdrobu. Na\u0161e intern\u00ed t\u00fdmy kombinuj\u00ed <strong>elektronick\u00fd a mechanick\u00fd n\u00e1vrh<\/strong>, v\u010detn\u011b certifikovan\u00fdch <strong>Ex kryt\u016f<\/strong>, s rychl\u00fdm <strong>prototypov\u00e1n\u00edm<\/strong>, <strong>ATEX a IECEx certifikac\u00ed<\/strong> a spolehlivou <strong>s\u00e9riovou v\u00fdrobou<\/strong>. Tento integrovan\u00fd p\u0159\u00edstup n\u00e1m umo\u017e\u0148uje dod\u00e1vat \u0159e\u0161en\u00ed na m\u00edru pro n\u00e1ro\u010dn\u00e9 aplikace v prost\u0159ed\u00ed s nebezpe\u010d\u00edm v\u00fdbuchu.<\/div>\n<div>\n<div id=\"attachment_474\" style=\"width: 778px\" class=\"wp-caption alignnone\"><img loading=\"lazy\" decoding=\"async\" aria-describedby=\"caption-attachment-474\" class=\"wp-image-474\" src=\"https:\/\/elok.cz\/wp-content\/uploads\/2026\/02\/4.jpg\" alt=\"V\u00fdvoj elektroniky\" width=\"768\" height=\"512\" srcset=\"https:\/\/elok.cz\/wp-content\/uploads\/2026\/02\/4.jpg 1920w, https:\/\/elok.cz\/wp-content\/uploads\/2026\/02\/4-300x200.jpg 300w, https:\/\/elok.cz\/wp-content\/uploads\/2026\/02\/4-1024x683.jpg 1024w, https:\/\/elok.cz\/wp-content\/uploads\/2026\/02\/4-768x512.jpg 768w, https:\/\/elok.cz\/wp-content\/uploads\/2026\/02\/4-1536x1024.jpg 1536w\" sizes=\"auto, (max-width: 768px) 100vw, 768px\" \/><\/p>\n<p id=\"caption-attachment-474\" class=\"wp-caption-text\">Osazov\u00e1n\u00ed PCB, testov\u00e1n\u00ed, m\u011b\u0159en\u00ed, v\u00fdvoj<\/p>\n<\/div>\n<\/div>\n<h2>ATEX certifikace a shoda s normami<\/h2>\n<div>ELOK navrhuje a vyr\u00e1b\u00ed nev\u00fdbu\u0161n\u00e1 za\u0159\u00edzen\u00ed v pln\u00e9m souladu se <strong>sm\u011brnic\u00ed ATEX 2014\/34\/EU<\/strong>, kter\u00e1 stanovuje z\u00e1kladn\u00ed po\u017eadavky na ochranu zdrav\u00ed a bezpe\u010dnost za\u0159\u00edzen\u00ed ur\u010den\u00fdch pro pou\u017eit\u00ed v prost\u0159ed\u00edch s potenci\u00e1ln\u011b v\u00fdbu\u0161nou atmosf\u00e9rou. Na\u0161e produkty jsou vyv\u00edjeny a certifikov\u00e1ny podle <a href=\"https:\/\/www.iecex.com\/resources-and-news\/standards\/\"><strong>souboru norem EN \/ IEC 60079<\/strong><\/a>, kter\u00e9 pokr\u00fdvaj\u00ed n\u00e1vrh za\u0159\u00edzen\u00ed, typy ochrany, zkou\u0161en\u00ed a zna\u010den\u00ed. Pro mezin\u00e1rodn\u00ed projekty podporujeme tak\u00e9 <strong>IECEx certifikaci<\/strong>, kter\u00e1 umo\u017e\u0148uje glob\u00e1ln\u00ed uplatn\u011bn\u00ed mimo Evropskou unii. Na\u0161e v\u00fdrobn\u00ed a v\u00fdvojov\u00e9 procesy se \u0159\u00edd\u00ed certifikovan\u00fdm <a href=\"https:\/\/elok.cz\/cs\/o-nas\/\"><strong>syst\u00e9mem \u0159\u00edzen\u00ed kvality ISO\u202f9001<\/strong><\/a>, jen\u017e zaji\u0161\u0165uje konzistentn\u00ed kvalitu, dohledatelnost a neust\u00e1l\u00e9 zlep\u0161ov\u00e1n\u00ed.<\/div>\n<h2>Typick\u00e9 aplikace ATEX nev\u00fdbu\u0161n\u00fdch za\u0159\u00edzen\u00ed<\/h2>\n<p>ATEX nev\u00fdbu\u0161n\u00e1 za\u0159\u00edzen\u00ed se pou\u017e\u00edvaj\u00ed v pr\u016fmyslov\u00fdch odv\u011btv\u00edch, kde mohou ho\u0159lav\u00e9 plyny, p\u00e1ry nebo ho\u0159lav\u00fd prach vytv\u00e1\u0159et nebezpe\u010dn\u00e9 podm\u00ednky. \u0158e\u0161en\u00ed spole\u010dnosti ELOK jsou nasazov\u00e1na v \u0161irok\u00e9 \u0161k\u00e1le n\u00e1ro\u010dn\u00fdch aplikac\u00ed, mezi kter\u00e9 pat\u0159\u00ed:<\/p>\n<div>\n<ul>\n<li><strong>Petrochemick\u00fd pr\u016fmysl<\/strong> \u2013 zpracov\u00e1n\u00ed, skladov\u00e1n\u00ed a monitoring ho\u0159lav\u00fdch l\u00e1tek<\/li>\n<li><strong>Farmaceutick\u00fd pr\u016fmysl<\/strong> \u2013 v\u00fdroba a manipulace<\/li>\n<li><strong>Oil &amp; gas<\/strong> \u2013 upstream, midstream a downstream provozy v prost\u0159ed\u00ed s nebezpe\u010d\u00edm v\u00fdbuchu<\/li>\n<li><strong>Chemick\u00e9 provozy<\/strong> \u2013 v\u00fdroba a manipulace s t\u011bkav\u00fdmi chemick\u00fdmi l\u00e1tkami<\/li>\n<li><strong>Tankovi\u0161t\u011b<\/strong> \u2013 skladovac\u00ed n\u00e1dr\u017ee, plnic\u00ed a vykl\u00e1dac\u00ed syst\u00e9my<\/li>\n<li><strong>T\u011b\u017eebn\u00ed pr\u016fmysl<\/strong> \u2013 povrchov\u00e1 i hlubinn\u00e1 t\u011b\u017eba s v\u00fdbu\u0161nou atmosf\u00e9rou<\/li>\n<li><strong>\u010cist\u00edrny odpadn\u00edch vod a environment\u00e1ln\u00ed monitoring<\/strong> \u2013 monitorovac\u00ed syst\u00e9my v nebezpe\u010dn\u00e9m nebo korozivn\u00edm prost\u0159ed\u00ed<\/li>\n<\/ul>\n<p>Tyto aplikace vy\u017eaduj\u00ed certifikovan\u00e1 za\u0159\u00edzen\u00ed, kter\u00e1 kombinuj\u00ed ochranu proti v\u00fdbuchu, spolehlivost a dlouhodobou provozn\u00ed stabilitu.<\/p>\n<\/div>\n<h2>Hled\u00e1te ATEX nev\u00fdbu\u0161n\u00e1 za\u0159\u00edzen\u00ed?<\/h2>\n<div><a href=\"https:\/\/elok.cz\/cs\/kontakt\/\">Kontaktujte spole\u010dnost ELOK<\/a> a proberte sv\u016fj ATEX projekt \u2013 od n\u00e1vrhu a certifikace a\u017e po s\u00e9riovou v\u00fdrobu.<\/div>\n","protected":false},"excerpt":{"rendered":"<p>ATEX nev\u00fdbu\u0161n\u00e1 za\u0159\u00edzen\u00ed pro prost\u0159ed\u00ed s nebezpe\u010d\u00edm v\u00fdbuchu ATEX nev\u00fdbu\u0161n\u00e1 za\u0159\u00edzen\u00ed jsou navr\u017eena pro bezpe\u010dn\u00fd provoz v prost\u0159ed\u00edch, kde se mohou vyskytovat ho\u0159lav\u00e9 plyny, p\u00e1ry nebo prach. ELOK je evropsk\u00fd v\u00fdrobce a R&amp;D partner poskytuj\u00edc\u00ed ATEX certifikovan\u00e1 elektrick\u00e1 a elektronick\u00e1 za\u0159\u00edzen\u00ed pro z\u00f3ny 0, z\u00f3ny 1 a z\u00f3ny 2, v\u010detn\u011b zak\u00e1zkov\u011b navr\u017een\u00fdch \u0159e\u0161en\u00ed pro n\u00e1ro\u010dn\u00e9&#8230;<\/p>\n","protected":false},"author":4,"featured_media":0,"parent":0,"menu_order":0,"comment_status":"closed","ping_status":"closed","template":"","meta":{"footnotes":""},"class_list":["post-481","page","type-page","status-publish","hentry"],"aioseo_notices":[],"_links":{"self":[{"href":"https:\/\/elok.cz\/cs\/wp-json\/wp\/v2\/pages\/481","targetHints":{"allow":["GET"]}}],"collection":[{"href":"https:\/\/elok.cz\/cs\/wp-json\/wp\/v2\/pages"}],"about":[{"href":"https:\/\/elok.cz\/cs\/wp-json\/wp\/v2\/types\/page"}],"author":[{"embeddable":true,"href":"https:\/\/elok.cz\/cs\/wp-json\/wp\/v2\/users\/4"}],"replies":[{"embeddable":true,"href":"https:\/\/elok.cz\/cs\/wp-json\/wp\/v2\/comments?post=481"}],"version-history":[{"count":5,"href":"https:\/\/elok.cz\/cs\/wp-json\/wp\/v2\/pages\/481\/revisions"}],"predecessor-version":[{"id":486,"href":"https:\/\/elok.cz\/cs\/wp-json\/wp\/v2\/pages\/481\/revisions\/486"}],"wp:attachment":[{"href":"https:\/\/elok.cz\/cs\/wp-json\/wp\/v2\/media?parent=481"}],"curies":[{"name":"wp","href":"https:\/\/api.w.org\/{rel}","templated":true}]}}