{"id":384,"date":"2021-03-02T11:01:11","date_gmt":"2021-03-02T10:01:11","guid":{"rendered":"https:\/\/elok.cz\/privacy-policy\/"},"modified":"2026-02-17T13:52:53","modified_gmt":"2026-02-17T12:52:53","slug":"zpracovani-osobnich-udaju","status":"publish","type":"page","link":"https:\/\/elok.cz\/cs\/zpracovani-osobnich-udaju\/","title":{"rendered":"Zpracov\u00e1n\u00ed osobn\u00edch \u00fadaj\u016f"},"content":{"rendered":"<h2 class=\"wp-block-heading\">Kdo jsme<\/h2>\n<p> Adresa na\u0161ich webov\u00fdch str\u00e1nek je: https:\/\/elok.cz. <\/p>\n<h2 class=\"wp-block-heading\">Koment\u00e1\u0159e<\/h2>\n<p> Kdy\u017e n\u00e1v\u0161t\u011bvn\u00edci zanechaj\u00ed na webu koment\u00e1\u0159, shroma\u017e\u010fujeme \u00fadaje uveden\u00e9 ve formul\u00e1\u0159i pro koment\u00e1\u0159 a tak\u00e9 IP adresu n\u00e1v\u0161t\u011bvn\u00edka a \u0159et\u011bzec user agent prohl\u00ed\u017ee\u010de, abychom pomohli s detekc\u00ed spamu.<\/p>\n<p>Anonymizovan\u00fd \u0159et\u011bzec vytvo\u0159en\u00fd z va\u0161\u00ed e-mailov\u00e9 adresy (tzv. hash) m\u016f\u017ee b\u00fdt poskytnut slu\u017eb\u011b Gravatar za \u00fa\u010delem ov\u011b\u0159en\u00ed, zda ji pou\u017e\u00edv\u00e1te. Z\u00e1sady ochrany osobn\u00edch \u00fadaj\u016f slu\u017eby Gravatar jsou dostupn\u00e9 zde: https:\/\/automattic.com\/privacy\/<br \/>\n. Po schv\u00e1len\u00ed va\u0161eho koment\u00e1\u0159e bude v\u00e1\u0161 profilov\u00fd obr\u00e1zek ve\u0159ejn\u011b viditeln\u00fd v kontextu va\u0161eho koment\u00e1\u0159e.<\/p>\n<h2 class=\"wp-block-heading\">M\u00e9dia<\/h2>\n<p> Pokud na web nahr\u00e1v\u00e1te obr\u00e1zky, doporu\u010dujeme vyhnout se nahr\u00e1v\u00e1n\u00ed obr\u00e1zk\u016f obsahuj\u00edc\u00edch vlo\u017een\u00e1 data o poloze (EXIF GPS). N\u00e1v\u0161t\u011bvn\u00edci webu mohou z obr\u00e1zk\u016f na webu st\u00e1hnout a extrahovat ve\u0161ker\u00e1 data o poloze. <\/p>\n<h2 class=\"wp-block-heading\">Cookies<\/h2>\n<p> Pokud na na\u0161em webu zanech\u00e1te koment\u00e1\u0159, m\u016f\u017eete se rozhodnout pro ulo\u017een\u00ed sv\u00e9ho jm\u00e9na, e-mailov\u00e9 adresy a webov\u00e9 str\u00e1nky do cookies. Tyto cookies slou\u017e\u00ed pro va\u0161e pohodl\u00ed, abyste nemuseli p\u0159i dal\u0161\u00edm koment\u00e1\u0159i znovu vypl\u0148ovat sv\u00e9 \u00fadaje. Tyto cookies jsou platn\u00e9 po dobu jednoho roku.<\/p>\n<p>Pokud nav\u0161t\u00edv\u00edte p\u0159ihla\u0161ovac\u00ed str\u00e1nku, nastav\u00edme do\u010dasn\u00e9 cookie pro ov\u011b\u0159en\u00ed, zda v\u00e1\u0161 prohl\u00ed\u017ee\u010d cookies p\u0159ij\u00edm\u00e1. Toto cookie neobsahuje \u017e\u00e1dn\u00e9 osobn\u00ed \u00fadaje a je odstran\u011bno po zav\u0159en\u00ed prohl\u00ed\u017ee\u010de.<\/p>\n<p>P\u0159i p\u0159ihl\u00e1\u0161en\u00ed nastav\u00edme n\u011bkolik cookies pro ulo\u017een\u00ed va\u0161ich p\u0159ihla\u0161ovac\u00edch \u00fadaj\u016f a nastaven\u00ed zobrazen\u00ed obrazovky. P\u0159ihla\u0161ovac\u00ed cookies jsou platn\u00e9 dva dny a cookies pro nastaven\u00ed zobrazen\u00ed jeden rok. Pokud zvol\u00edte mo\u017enost \u201eZapamatovat si m\u011b\u201c, va\u0161e p\u0159ihl\u00e1\u0161en\u00ed z\u016fstane aktivn\u00ed po dobu dvou t\u00fddn\u016f. Po odhl\u00e1\u0161en\u00ed z \u00fa\u010dtu budou p\u0159ihla\u0161ovac\u00ed cookies odstran\u011bny.<\/p>\n<p>Pokud uprav\u00edte nebo publikujete \u010dl\u00e1nek, bude ve va\u0161em prohl\u00ed\u017ee\u010di ulo\u017eeno dal\u0161\u00ed cookie. Toto cookie neobsahuje \u017e\u00e1dn\u00e9 osobn\u00ed \u00fadaje a pouze ozna\u010duje ID p\u0159\u00edsp\u011bvku, kter\u00fd jste pr\u00e1v\u011b upravili. Jeho platnost vypr\u0161\u00ed po 1 dni.<\/p>\n<h2 class=\"wp-block-heading\">Vlo\u017een\u00fd obsah z jin\u00fdch web\u016f<\/h2>\n<p> \u010cl\u00e1nky na tomto webu mohou obsahovat vlo\u017een\u00fd obsah (nap\u0159. videa, obr\u00e1zky, \u010dl\u00e1nky apod.). Vlo\u017een\u00fd obsah z jin\u00fdch webov\u00fdch str\u00e1nek se chov\u00e1 stejn\u011b, jako by n\u00e1v\u0161t\u011bvn\u00edk nav\u0161t\u00edvil dan\u00fd web p\u0159\u00edmo.<\/p>\n<p>Tyto webov\u00e9 str\u00e1nky mohou o v\u00e1s shroma\u017e\u010fovat \u00fadaje, pou\u017e\u00edvat cookies, vkl\u00e1dat dal\u0161\u00ed sledovac\u00ed prvky t\u0159et\u00edch stran a monitorovat va\u0161i interakci s vlo\u017een\u00fdm obsahem, v\u010detn\u011b sledov\u00e1n\u00ed va\u0161\u00ed interakce, pokud m\u00e1te \u00fa\u010det a jste na dan\u00e9m webu p\u0159ihl\u00e1\u0161eni.<\/p>\n<h2 class=\"wp-block-heading\">S k\u00fdm sd\u00edl\u00edme va\u0161e \u00fadaje<\/h2>\n<p> Pokud po\u017e\u00e1d\u00e1te o obnoven\u00ed hesla, bude va\u0161e IP adresa uvedena v e-mailu pro obnoven\u00ed hesla. <\/p>\n<h2 class=\"wp-block-heading\">Jak dlouho uchov\u00e1v\u00e1me va\u0161e \u00fadaje<\/h2>\n<p> Pokud zanech\u00e1te koment\u00e1\u0159, koment\u00e1\u0159 a jeho metadata jsou uchov\u00e1v\u00e1ny neomezen\u011b dlouho. To n\u00e1m umo\u017e\u0148uje automaticky rozpoznat a schv\u00e1lit n\u00e1sledn\u00e9 koment\u00e1\u0159e nam\u00edsto jejich zadr\u017eov\u00e1n\u00ed ve front\u011b ke schv\u00e1len\u00ed.<\/p>\n<p>U u\u017eivatel\u016f, kte\u0159\u00ed se na na\u0161em webu zaregistruj\u00ed (pokud takov\u00ed jsou), ukl\u00e1d\u00e1me tak\u00e9 osobn\u00ed \u00fadaje uveden\u00e9 v jejich u\u017eivatelsk\u00e9m profilu. V\u0161ichni u\u017eivatel\u00e9 mohou sv\u00e9 osobn\u00ed \u00fadaje kdykoli zobrazit, upravit nebo smazat (s v\u00fdjimkou zm\u011bny u\u017eivatelsk\u00e9ho jm\u00e9na). Administr\u00e1to\u0159i webu mohou tyto \u00fadaje rovn\u011b\u017e zobrazit a upravit.<\/p>\n<h2 class=\"wp-block-heading\">Jak\u00e1 m\u00e1te pr\u00e1va v souvislosti s va\u0161imi \u00fadaji<\/h2>\n<p> Pokud m\u00e1te na tomto webu \u00fa\u010det nebo jste zanechali koment\u00e1\u0159e, m\u016f\u017eete po\u017e\u00e1dat o zasl\u00e1n\u00ed exportovan\u00e9ho souboru osobn\u00edch \u00fadaj\u016f, kter\u00e9 o v\u00e1s evidujeme, v\u010detn\u011b \u00fadaj\u016f, kter\u00e9 jste n\u00e1m poskytli. M\u016f\u017eete tak\u00e9 po\u017e\u00e1dat o v\u00fdmaz osobn\u00edch \u00fadaj\u016f, kter\u00e9 o v\u00e1s evidujeme. To se nevztahuje na \u00fadaje, kter\u00e9 jsme povinni uchov\u00e1vat z administrativn\u00edch, pr\u00e1vn\u00edch nebo bezpe\u010dnostn\u00edch d\u016fvod\u016f. <\/p>\n<h2 class=\"wp-block-heading\">Kam jsou va\u0161e \u00fadaje odes\u00edl\u00e1ny<\/h2>\n<p> Koment\u00e1\u0159e n\u00e1v\u0161t\u011bvn\u00edk\u016f mohou b\u00fdt kontrolov\u00e1ny prost\u0159ednictv\u00edm automatizovan\u00e9 slu\u017eby detekce spamu.<\/p>\n<p>&#8212;<\/p>\n<p>WPML pou\u017e\u00edv\u00e1 cookies k identifikaci aktu\u00e1ln\u00edho jazyka n\u00e1v\u0161t\u011bvn\u00edka, naposledy nav\u0161t\u00edven\u00e9ho jazyka a jazyka p\u0159ihl\u00e1\u0161en\u00fdch u\u017eivatel\u016f.<\/p>\n<p>B\u011bhem pou\u017e\u00edv\u00e1n\u00ed pluginu bude WPML prost\u0159ednictv\u00edm n\u00e1stroje Installer sd\u00edlet \u00fadaje t\u00fdkaj\u00edc\u00ed se webu. \u017d\u00e1dn\u00e9 \u00fadaje o samotn\u00fdch u\u017eivatel\u00edch sd\u00edleny nejsou.<\/p>\n<p>WPML Translation Management odes\u00edl\u00e1 e-mailovou adresu a jm\u00e9no ka\u017ed\u00e9ho mana\u017eera a p\u0159i\u0159azen\u00e9ho p\u0159ekladatele, stejn\u011b jako samotn\u00fd obsah, do n\u00e1stroje Advanced Translation Editor a k vyu\u017e\u00edvan\u00fdm p\u0159ekladatelsk\u00fdm slu\u017eb\u00e1m.<\/p>\n<p>Really Simple Security a jeho dopl\u0148ky nezpracov\u00e1vaj\u00ed \u017e\u00e1dn\u00e9 osobn\u011b identifikovateln\u00e9 \u00fadaje, proto se na tyto pluginy ani na jejich pou\u017e\u00edv\u00e1n\u00ed na va\u0161em webu nevztahuje GDPR. Na\u0161e z\u00e1sady ochrany osobn\u00edch \u00fadaj\u016f naleznete <a href=\"https:\/\/really-simple-ssl.com\/privacy-statement\/\" target=\"_blank\" rel=\"noopener noreferrer\">zde<\/a>.<\/p>\n<p>Tento web pou\u017e\u00edv\u00e1 n\u00e1stroj Privacy Suite for WordPress od spole\u010dnosti Complianz ke shroma\u017e\u010fov\u00e1n\u00ed a zaznamen\u00e1v\u00e1n\u00ed souhlasu na z\u00e1klad\u011b prohl\u00ed\u017ee\u010de a za\u0159\u00edzen\u00ed. Pro tuto funkci je va\u0161e IP adresa anonymizov\u00e1na a ulo\u017eena v na\u0161\u00ed datab\u00e1zi. Tato slu\u017eba nezpracov\u00e1v\u00e1 \u017e\u00e1dn\u00e9 osobn\u011b identifikovateln\u00e9 \u00fadaje a nesd\u00edl\u00ed \u017e\u00e1dn\u00e1 data s poskytovatelem slu\u017eby. V\u00edce informac\u00ed naleznete v dokumentu Complianz <a href=\"https:\/\/complianz.io\/legal\/privacy-statement\/\">Privacy Statement<\/a>.<\/p>\n","protected":false},"excerpt":{"rendered":"<p>Kdo jsme Adresa na\u0161ich webov\u00fdch str\u00e1nek je: https:\/\/elok.cz. Koment\u00e1\u0159e Kdy\u017e n\u00e1v\u0161t\u011bvn\u00edci zanechaj\u00ed na webu koment\u00e1\u0159, shroma\u017e\u010fujeme \u00fadaje uveden\u00e9 ve formul\u00e1\u0159i pro koment\u00e1\u0159 a tak\u00e9 IP adresu n\u00e1v\u0161t\u011bvn\u00edka a \u0159et\u011bzec user agent prohl\u00ed\u017ee\u010de, abychom pomohli s detekc\u00ed spamu. Anonymizovan\u00fd \u0159et\u011bzec vytvo\u0159en\u00fd z va\u0161\u00ed e-mailov\u00e9 adresy (tzv. hash) m\u016f\u017ee b\u00fdt poskytnut slu\u017eb\u011b Gravatar za \u00fa\u010delem ov\u011b\u0159en\u00ed, zda&#8230;<\/p>\n","protected":false},"author":1,"featured_media":0,"parent":0,"menu_order":0,"comment_status":"closed","ping_status":"closed","template":"","meta":{"footnotes":""},"class_list":["post-384","page","type-page","status-publish","hentry"],"aioseo_notices":[],"_links":{"self":[{"href":"https:\/\/elok.cz\/cs\/wp-json\/wp\/v2\/pages\/384","targetHints":{"allow":["GET"]}}],"collection":[{"href":"https:\/\/elok.cz\/cs\/wp-json\/wp\/v2\/pages"}],"about":[{"href":"https:\/\/elok.cz\/cs\/wp-json\/wp\/v2\/types\/page"}],"author":[{"embeddable":true,"href":"https:\/\/elok.cz\/cs\/wp-json\/wp\/v2\/users\/1"}],"replies":[{"embeddable":true,"href":"https:\/\/elok.cz\/cs\/wp-json\/wp\/v2\/comments?post=384"}],"version-history":[{"count":2,"href":"https:\/\/elok.cz\/cs\/wp-json\/wp\/v2\/pages\/384\/revisions"}],"predecessor-version":[{"id":422,"href":"https:\/\/elok.cz\/cs\/wp-json\/wp\/v2\/pages\/384\/revisions\/422"}],"wp:attachment":[{"href":"https:\/\/elok.cz\/cs\/wp-json\/wp\/v2\/media?parent=384"}],"curies":[{"name":"wp","href":"https:\/\/api.w.org\/{rel}","templated":true}]}}