{"id":372,"date":"2021-02-26T10:20:13","date_gmt":"2021-02-26T09:20:13","guid":{"rendered":"https:\/\/elok.cz\/homepage\/"},"modified":"2026-02-27T15:04:36","modified_gmt":"2026-02-27T14:04:36","slug":"homepage","status":"publish","type":"page","link":"https:\/\/elok.cz\/cs\/","title":{"rendered":"ATEX a IECEx za\u0159\u00edzen\u00ed do v\u00fdbu\u0161n\u00e9ho prost\u0159ed\u00ed | ELOK"},"content":{"rendered":"","protected":false},"excerpt":{"rendered":"","protected":false},"author":1,"featured_media":0,"parent":0,"menu_order":0,"comment_status":"closed","ping_status":"closed","template":"template-homepage.php","meta":{"footnotes":""},"class_list":["post-372","page","type-page","status-publish","hentry"],"aioseo_notices":[],"_links":{"self":[{"href":"https:\/\/elok.cz\/cs\/wp-json\/wp\/v2\/pages\/372","targetHints":{"allow":["GET"]}}],"collection":[{"href":"https:\/\/elok.cz\/cs\/wp-json\/wp\/v2\/pages"}],"about":[{"href":"https:\/\/elok.cz\/cs\/wp-json\/wp\/v2\/types\/page"}],"author":[{"embeddable":true,"href":"https:\/\/elok.cz\/cs\/wp-json\/wp\/v2\/users\/1"}],"replies":[{"embeddable":true,"href":"https:\/\/elok.cz\/cs\/wp-json\/wp\/v2\/comments?post=372"}],"version-history":[{"count":11,"href":"https:\/\/elok.cz\/cs\/wp-json\/wp\/v2\/pages\/372\/revisions"}],"predecessor-version":[{"id":487,"href":"https:\/\/elok.cz\/cs\/wp-json\/wp\/v2\/pages\/372\/revisions\/487"}],"wp:attachment":[{"href":"https:\/\/elok.cz\/cs\/wp-json\/wp\/v2\/media?parent=372"}],"curies":[{"name":"wp","href":"https:\/\/api.w.org\/{rel}","templated":true}]}}